{"id":40,"date":"2022-06-25T12:10:30","date_gmt":"2022-06-25T12:10:30","guid":{"rendered":"http:\/\/seikadim.com\/?page_id=40"},"modified":"2022-11-20T18:16:41","modified_gmt":"2022-11-20T18:16:41","slug":"diseno","status":"publish","type":"page","link":"https:\/\/seikadim.com\/?page_id=40","title":{"rendered":"D I S E \u00d1 O"},"content":{"rendered":"\n<div class=\"wp-block-columns is-layout-flex wp-container-2\">\n<div class=\"wp-block-column is-layout-flow\">\n<div class=\"wp-block-media-text alignwide is-stacked-on-mobile\" style=\"grid-template-columns:30% auto\"><figure class=\"wp-block-media-text__media\"><img decoding=\"async\" loading=\"lazy\" width=\"1000\" height=\"750\" src=\"https:\/\/seikadim.com\/wp-content\/uploads\/2022\/11\/diseno012_1000x750.jpg\" alt=\"\" class=\"wp-image-287 size-full\"\/><\/figure><div class=\"wp-block-media-text__content\">\n<p style=\"font-size:26px;font-style:normal;font-weight:500;letter-spacing:2px\"><strong>Tu imagen importa<\/strong><\/p>\n\n\n\n<p style=\"font-size:17px;font-style:normal;font-weight:300;letter-spacing:1px\">Somos <strong>dise\u00f1adores gr\u00e1ficos<\/strong> con m\u00e1s de <strong>25 a\u00f1os de experiencia<\/strong>, conocedores de todo el proceso desde su creaci\u00f3n a su finalizaci\u00f3n. Te ayudaremos a crear una marca <strong>fuerte, reconocible, clara y \u00fanica<\/strong> que comenzar\u00e1 desde una simple tarjeta, factura \u00f3 talonario&#8230; hasta toda una imagen corporativa. Todo lo que necesites para tu empresa. Cons\u00faltanos.<\/p>\n<\/div><\/div>\n<\/div>\n<\/div>\n\n\n\n<p class=\"has-white-color has-text-color\">.<\/p>\n\n\n\n<p><\/p>\n\n\n\n<div class=\"wp-block-media-text alignwide has-media-on-the-right is-stacked-on-mobile\" style=\"grid-template-columns:auto 30%\"><div class=\"wp-block-media-text__content\">\n<p class=\"has-text-align-right\" style=\"font-size:26px;font-style:normal;font-weight:500;letter-spacing:2px\"><strong>La calidad es lo primero<\/strong><\/p>\n\n\n\n<p class=\"has-text-align-right\" style=\"font-size:17px;font-style:normal;font-weight:300;letter-spacing:1px\">La experiencia y el conocimiento de todo el proceso de producci\u00f3n en todos y cada uno de sus pasos nos permite un <strong>control sobre la calidad<\/strong> final del trabajo entregado. Algo muy importante para nosotros ya que la imagen de una empresa es la que percibe el potencial cliente al recibir cualquier informaci\u00f3n impresa o en cualquier soporte.<\/p>\n<\/div><figure class=\"wp-block-media-text__media\"><img decoding=\"async\" loading=\"lazy\" width=\"1000\" height=\"750\" src=\"https:\/\/seikadim.com\/wp-content\/uploads\/2022\/06\/diseno02_1000x750.jpg\" alt=\"\" class=\"wp-image-122 size-full\"\/><\/figure><\/div>\n","protected":false},"excerpt":{"rendered":"<p>Tu imagen importa Somos dise\u00f1adores gr\u00e1ficos con m\u00e1s de 25 a\u00f1os de experiencia, conocedores de todo el proceso desde su creaci\u00f3n a su finalizaci\u00f3n. Te ayudaremos a crear una marca fuerte, reconocible, clara y \u00fanica que comenzar\u00e1 desde una simple tarjeta, factura \u00f3 talonario&#8230; hasta toda una imagen corporativa. Todo lo que necesites para tu<\/p>\n<p class=\"more-link\"><a href=\"https:\/\/seikadim.com\/?page_id=40\" class=\"themebutton\">Read More<\/a><\/p>\n","protected":false},"author":1,"featured_media":0,"parent":0,"menu_order":1,"comment_status":"closed","ping_status":"closed","template":"","meta":[],"yoast_head":"<!-- This site is optimized with the Yoast SEO plugin v21.5 - https:\/\/yoast.com\/wordpress\/plugins\/seo\/ -->\n<title>D I S E \u00d1 O - Seika<\/title>\n<meta name=\"description\" content=\"Profesionales del dise\u00f1o, con m\u00e1s de 25 a\u00f1os de experiencia. Conocemos todo el proceso desde su creaci\u00f3n a su realizaci\u00f3n final\" \/>\n<meta name=\"robots\" content=\"index, follow, max-snippet:-1, max-image-preview:large, max-video-preview:-1\" \/>\n<link rel=\"canonical\" href=\"https:\/\/seikadim.com\/?page_id=40\" \/>\n<meta property=\"og:locale\" content=\"es_ES\" \/>\n<meta property=\"og:type\" content=\"article\" \/>\n<meta property=\"og:title\" content=\"D I S E \u00d1 O - Seika\" \/>\n<meta property=\"og:description\" content=\"Profesionales del dise\u00f1o, con m\u00e1s de 25 a\u00f1os de experiencia. Conocemos todo el proceso desde su creaci\u00f3n a su realizaci\u00f3n final\" \/>\n<meta property=\"og:url\" content=\"https:\/\/seikadim.com\/?page_id=40\" \/>\n<meta property=\"og:site_name\" content=\"Seika\" \/>\n<meta property=\"article:modified_time\" content=\"2022-11-20T18:16:41+00:00\" \/>\n<meta property=\"og:image\" content=\"https:\/\/seikadim.com\/wp-content\/uploads\/2022\/11\/diseno012_1000x750.jpg\" \/>\n<meta name=\"twitter:card\" content=\"summary_large_image\" \/>\n<meta name=\"twitter:label1\" content=\"Tiempo de lectura\" \/>\n\t<meta name=\"twitter:data1\" content=\"1 minuto\" \/>\n<script type=\"application\/ld+json\" class=\"yoast-schema-graph\">{\"@context\":\"https:\/\/schema.org\",\"@graph\":[{\"@type\":\"WebPage\",\"@id\":\"https:\/\/seikadim.com\/?page_id=40\",\"url\":\"https:\/\/seikadim.com\/?page_id=40\",\"name\":\"D I S E \u00d1 O - Seika\",\"isPartOf\":{\"@id\":\"https:\/\/seikadim.com\/#website\"},\"datePublished\":\"2022-06-25T12:10:30+00:00\",\"dateModified\":\"2022-11-20T18:16:41+00:00\",\"description\":\"Profesionales del dise\u00f1o, con m\u00e1s de 25 a\u00f1os de experiencia. Conocemos todo el proceso desde su creaci\u00f3n a su realizaci\u00f3n final\",\"breadcrumb\":{\"@id\":\"https:\/\/seikadim.com\/?page_id=40#breadcrumb\"},\"inLanguage\":\"es\",\"potentialAction\":[{\"@type\":\"ReadAction\",\"target\":[\"https:\/\/seikadim.com\/?page_id=40\"]}]},{\"@type\":\"BreadcrumbList\",\"@id\":\"https:\/\/seikadim.com\/?page_id=40#breadcrumb\",\"itemListElement\":[{\"@type\":\"ListItem\",\"position\":1,\"name\":\"Portada\",\"item\":\"https:\/\/seikadim.com\/\"},{\"@type\":\"ListItem\",\"position\":2,\"name\":\"D I S E \u00d1 O\"}]},{\"@type\":\"WebSite\",\"@id\":\"https:\/\/seikadim.com\/#website\",\"url\":\"https:\/\/seikadim.com\/\",\"name\":\"Seika\",\"description\":\"dise\u00f1o,  imprenta,  digital,  rotulaci\u00f3n,  publicidad, tarjetas, talonarios, calendarios, vinilo, bol\u00edgrafos, bolsas \",\"publisher\":{\"@id\":\"https:\/\/seikadim.com\/#organization\"},\"potentialAction\":[{\"@type\":\"SearchAction\",\"target\":{\"@type\":\"EntryPoint\",\"urlTemplate\":\"https:\/\/seikadim.com\/?s={search_term_string}\"},\"query-input\":\"required name=search_term_string\"}],\"inLanguage\":\"es\"},{\"@type\":\"Organization\",\"@id\":\"https:\/\/seikadim.com\/#organization\",\"name\":\"Seika\",\"url\":\"https:\/\/seikadim.com\/\",\"logo\":{\"@type\":\"ImageObject\",\"inLanguage\":\"es\",\"@id\":\"https:\/\/seikadim.com\/#\/schema\/logo\/image\/\",\"url\":\"https:\/\/seikadim.com\/wp-content\/uploads\/2025\/03\/cropped-SEIKA_LogoSolo.jpg\",\"contentUrl\":\"https:\/\/seikadim.com\/wp-content\/uploads\/2025\/03\/cropped-SEIKA_LogoSolo.jpg\",\"width\":920,\"height\":413,\"caption\":\"Seika\"},\"image\":{\"@id\":\"https:\/\/seikadim.com\/#\/schema\/logo\/image\/\"}}]}<\/script>\n<!-- \/ Yoast SEO plugin. -->","yoast_head_json":{"title":"D I S E \u00d1 O - Seika","description":"Profesionales del dise\u00f1o, con m\u00e1s de 25 a\u00f1os de experiencia. Conocemos todo el proceso desde su creaci\u00f3n a su realizaci\u00f3n final","robots":{"index":"index","follow":"follow","max-snippet":"max-snippet:-1","max-image-preview":"max-image-preview:large","max-video-preview":"max-video-preview:-1"},"canonical":"https:\/\/seikadim.com\/?page_id=40","og_locale":"es_ES","og_type":"article","og_title":"D I S E \u00d1 O - Seika","og_description":"Profesionales del dise\u00f1o, con m\u00e1s de 25 a\u00f1os de experiencia. Conocemos todo el proceso desde su creaci\u00f3n a su realizaci\u00f3n final","og_url":"https:\/\/seikadim.com\/?page_id=40","og_site_name":"Seika","article_modified_time":"2022-11-20T18:16:41+00:00","og_image":[{"url":"https:\/\/seikadim.com\/wp-content\/uploads\/2022\/11\/diseno012_1000x750.jpg"}],"twitter_card":"summary_large_image","twitter_misc":{"Tiempo de lectura":"1 minuto"},"schema":{"@context":"https:\/\/schema.org","@graph":[{"@type":"WebPage","@id":"https:\/\/seikadim.com\/?page_id=40","url":"https:\/\/seikadim.com\/?page_id=40","name":"D I S E \u00d1 O - Seika","isPartOf":{"@id":"https:\/\/seikadim.com\/#website"},"datePublished":"2022-06-25T12:10:30+00:00","dateModified":"2022-11-20T18:16:41+00:00","description":"Profesionales del dise\u00f1o, con m\u00e1s de 25 a\u00f1os de experiencia. Conocemos todo el proceso desde su creaci\u00f3n a su realizaci\u00f3n final","breadcrumb":{"@id":"https:\/\/seikadim.com\/?page_id=40#breadcrumb"},"inLanguage":"es","potentialAction":[{"@type":"ReadAction","target":["https:\/\/seikadim.com\/?page_id=40"]}]},{"@type":"BreadcrumbList","@id":"https:\/\/seikadim.com\/?page_id=40#breadcrumb","itemListElement":[{"@type":"ListItem","position":1,"name":"Portada","item":"https:\/\/seikadim.com\/"},{"@type":"ListItem","position":2,"name":"D I S E \u00d1 O"}]},{"@type":"WebSite","@id":"https:\/\/seikadim.com\/#website","url":"https:\/\/seikadim.com\/","name":"Seika","description":"dise\u00f1o,  imprenta,  digital,  rotulaci\u00f3n,  publicidad, tarjetas, talonarios, calendarios, vinilo, bol\u00edgrafos, bolsas ","publisher":{"@id":"https:\/\/seikadim.com\/#organization"},"potentialAction":[{"@type":"SearchAction","target":{"@type":"EntryPoint","urlTemplate":"https:\/\/seikadim.com\/?s={search_term_string}"},"query-input":"required name=search_term_string"}],"inLanguage":"es"},{"@type":"Organization","@id":"https:\/\/seikadim.com\/#organization","name":"Seika","url":"https:\/\/seikadim.com\/","logo":{"@type":"ImageObject","inLanguage":"es","@id":"https:\/\/seikadim.com\/#\/schema\/logo\/image\/","url":"https:\/\/seikadim.com\/wp-content\/uploads\/2025\/03\/cropped-SEIKA_LogoSolo.jpg","contentUrl":"https:\/\/seikadim.com\/wp-content\/uploads\/2025\/03\/cropped-SEIKA_LogoSolo.jpg","width":920,"height":413,"caption":"Seika"},"image":{"@id":"https:\/\/seikadim.com\/#\/schema\/logo\/image\/"}}]}},"_links":{"self":[{"href":"https:\/\/seikadim.com\/index.php?rest_route=\/wp\/v2\/pages\/40"}],"collection":[{"href":"https:\/\/seikadim.com\/index.php?rest_route=\/wp\/v2\/pages"}],"about":[{"href":"https:\/\/seikadim.com\/index.php?rest_route=\/wp\/v2\/types\/page"}],"author":[{"embeddable":true,"href":"https:\/\/seikadim.com\/index.php?rest_route=\/wp\/v2\/users\/1"}],"replies":[{"embeddable":true,"href":"https:\/\/seikadim.com\/index.php?rest_route=%2Fwp%2Fv2%2Fcomments&post=40"}],"version-history":[{"count":61,"href":"https:\/\/seikadim.com\/index.php?rest_route=\/wp\/v2\/pages\/40\/revisions"}],"predecessor-version":[{"id":288,"href":"https:\/\/seikadim.com\/index.php?rest_route=\/wp\/v2\/pages\/40\/revisions\/288"}],"wp:attachment":[{"href":"https:\/\/seikadim.com\/index.php?rest_route=%2Fwp%2Fv2%2Fmedia&parent=40"}],"curies":[{"name":"wp","href":"https:\/\/api.w.org\/{rel}","templated":true}]}}