{"id":147,"date":"2022-06-25T19:02:44","date_gmt":"2022-06-25T19:02:44","guid":{"rendered":"http:\/\/seikadim.com\/?page_id=147"},"modified":"2025-03-22T06:49:54","modified_gmt":"2025-03-22T06:49:54","slug":"contacto-correo-electronico","status":"publish","type":"page","link":"https:\/\/seikadim.com\/?page_id=147","title":{"rendered":"C O N T A C T O"},"content":{"rendered":"\n<div class=\"wp-block-columns is-layout-flex wp-container-2\">\n<div class=\"wp-block-column is-layout-flow\">\n<div class=\"wp-block-media-text alignwide is-stacked-on-mobile is-vertically-aligned-top\" style=\"grid-template-columns:30% auto\"><figure class=\"wp-block-media-text__media\"><img decoding=\"async\" loading=\"lazy\" width=\"1000\" height=\"750\" src=\"https:\/\/seikadim.com\/wp-content\/uploads\/2022\/06\/contacto_1000x750.jpg\" alt=\"Atenci\u00f3n Contacto Telefono y Correo Electr\u00f3ncio\" class=\"wp-image-180 size-full\"\/><\/figure><div class=\"wp-block-media-text__content\">\n<p style=\"font-size:17px;font-style:normal;font-weight:400;letter-spacing:0px\"><strong>Le atenderemos en<\/strong>:<br>Avda. de Carballo, 33. Bajo.<br>15140 Pastoriza. Arteixo. A Coru\u00f1a<\/p>\n\n\n\n<p style=\"font-size:17px;font-style:normal;font-weight:400;letter-spacing:0px\"><a href=\"mailto:info@seikadim.com\">info@seikadim.com<\/a><br><strong>604 04 75 90<\/strong><\/p>\n\n\n\n<p><\/p>\n\n\n\n<p style=\"font-size:14px\"><strong>HORARIO SEPTIEMBRE-JUNIO:<\/strong><br>Lunes a Jueves: 07:30-16:30 h.<br>Viernes: 07:30-15.00 h.<br><br><strong>HORARIO JULIO &#8211; AGOSTO:<\/strong><br>Lunes a Viernes: 08.00-15.00 h.<\/p>\n<\/div><\/div>\n<\/div>\n<\/div>\n","protected":false},"excerpt":{"rendered":"<p>Le atenderemos en:Avda. de Carballo, 33. Bajo.15140 Pastoriza. Arteixo. A Coru\u00f1a info@seikadim.com604 04 75 90 HORARIO SEPTIEMBRE-JUNIO:Lunes a Jueves: 07:30-16:30 h.Viernes: 07:30-15.00 h. HORARIO JULIO &#8211; AGOSTO:Lunes a Viernes: 08.00-15.00 h.<\/p>\n","protected":false},"author":1,"featured_media":0,"parent":0,"menu_order":5,"comment_status":"closed","ping_status":"closed","template":"","meta":[],"yoast_head":"<!-- This site is optimized with the Yoast SEO plugin v21.5 - https:\/\/yoast.com\/wordpress\/plugins\/seo\/ -->\n<title>C O N T A C T O - Seika<\/title>\n<meta name=\"description\" content=\"Informaci\u00f3n de contacto y atenci\u00f3n de Seika. Dise\u00f1o Gr\u00e1fico &amp; Impresi\u00f3n. Tel\u00e9fono y Correo Electr\u00f3nico. M\u00e1s Informaci\u00f3n\" \/>\n<meta name=\"robots\" content=\"index, follow, max-snippet:-1, max-image-preview:large, max-video-preview:-1\" \/>\n<link rel=\"canonical\" href=\"https:\/\/seikadim.com\/?page_id=147\" \/>\n<meta property=\"og:locale\" content=\"es_ES\" \/>\n<meta property=\"og:type\" content=\"article\" \/>\n<meta property=\"og:title\" content=\"C O N T A C T O - Seika\" \/>\n<meta property=\"og:description\" content=\"Informaci\u00f3n de contacto y atenci\u00f3n de Seika. Dise\u00f1o Gr\u00e1fico &amp; Impresi\u00f3n. Tel\u00e9fono y Correo Electr\u00f3nico. M\u00e1s Informaci\u00f3n\" \/>\n<meta property=\"og:url\" content=\"https:\/\/seikadim.com\/?page_id=147\" \/>\n<meta property=\"og:site_name\" content=\"Seika\" \/>\n<meta property=\"article:modified_time\" content=\"2025-03-22T06:49:54+00:00\" \/>\n<meta property=\"og:image\" content=\"https:\/\/seikadim.com\/wp-content\/uploads\/2022\/06\/contacto_1000x750.jpg\" \/>\n<meta name=\"twitter:card\" content=\"summary_large_image\" \/>\n<meta name=\"twitter:label1\" content=\"Tiempo de lectura\" \/>\n\t<meta name=\"twitter:data1\" content=\"1 minuto\" \/>\n<script type=\"application\/ld+json\" class=\"yoast-schema-graph\">{\"@context\":\"https:\/\/schema.org\",\"@graph\":[{\"@type\":\"WebPage\",\"@id\":\"https:\/\/seikadim.com\/?page_id=147\",\"url\":\"https:\/\/seikadim.com\/?page_id=147\",\"name\":\"C O N T A C T O - Seika\",\"isPartOf\":{\"@id\":\"https:\/\/seikadim.com\/#website\"},\"datePublished\":\"2022-06-25T19:02:44+00:00\",\"dateModified\":\"2025-03-22T06:49:54+00:00\",\"description\":\"Informaci\u00f3n de contacto y atenci\u00f3n de Seika. Dise\u00f1o Gr\u00e1fico & Impresi\u00f3n. Tel\u00e9fono y Correo Electr\u00f3nico. M\u00e1s Informaci\u00f3n\",\"breadcrumb\":{\"@id\":\"https:\/\/seikadim.com\/?page_id=147#breadcrumb\"},\"inLanguage\":\"es\",\"potentialAction\":[{\"@type\":\"ReadAction\",\"target\":[\"https:\/\/seikadim.com\/?page_id=147\"]}]},{\"@type\":\"BreadcrumbList\",\"@id\":\"https:\/\/seikadim.com\/?page_id=147#breadcrumb\",\"itemListElement\":[{\"@type\":\"ListItem\",\"position\":1,\"name\":\"Portada\",\"item\":\"https:\/\/seikadim.com\/\"},{\"@type\":\"ListItem\",\"position\":2,\"name\":\"C O N T A C T O\"}]},{\"@type\":\"WebSite\",\"@id\":\"https:\/\/seikadim.com\/#website\",\"url\":\"https:\/\/seikadim.com\/\",\"name\":\"Seika\",\"description\":\"dise\u00f1o,  imprenta,  digital,  rotulaci\u00f3n,  publicidad, tarjetas, talonarios, calendarios, vinilo, bol\u00edgrafos, bolsas \",\"publisher\":{\"@id\":\"https:\/\/seikadim.com\/#organization\"},\"potentialAction\":[{\"@type\":\"SearchAction\",\"target\":{\"@type\":\"EntryPoint\",\"urlTemplate\":\"https:\/\/seikadim.com\/?s={search_term_string}\"},\"query-input\":\"required name=search_term_string\"}],\"inLanguage\":\"es\"},{\"@type\":\"Organization\",\"@id\":\"https:\/\/seikadim.com\/#organization\",\"name\":\"Seika\",\"url\":\"https:\/\/seikadim.com\/\",\"logo\":{\"@type\":\"ImageObject\",\"inLanguage\":\"es\",\"@id\":\"https:\/\/seikadim.com\/#\/schema\/logo\/image\/\",\"url\":\"https:\/\/seikadim.com\/wp-content\/uploads\/2025\/03\/cropped-SEIKA_LogoSolo.jpg\",\"contentUrl\":\"https:\/\/seikadim.com\/wp-content\/uploads\/2025\/03\/cropped-SEIKA_LogoSolo.jpg\",\"width\":920,\"height\":413,\"caption\":\"Seika\"},\"image\":{\"@id\":\"https:\/\/seikadim.com\/#\/schema\/logo\/image\/\"}}]}<\/script>\n<!-- \/ Yoast SEO plugin. -->","yoast_head_json":{"title":"C O N T A C T O - Seika","description":"Informaci\u00f3n de contacto y atenci\u00f3n de Seika. Dise\u00f1o Gr\u00e1fico & Impresi\u00f3n. Tel\u00e9fono y Correo Electr\u00f3nico. M\u00e1s Informaci\u00f3n","robots":{"index":"index","follow":"follow","max-snippet":"max-snippet:-1","max-image-preview":"max-image-preview:large","max-video-preview":"max-video-preview:-1"},"canonical":"https:\/\/seikadim.com\/?page_id=147","og_locale":"es_ES","og_type":"article","og_title":"C O N T A C T O - Seika","og_description":"Informaci\u00f3n de contacto y atenci\u00f3n de Seika. Dise\u00f1o Gr\u00e1fico & Impresi\u00f3n. Tel\u00e9fono y Correo Electr\u00f3nico. M\u00e1s Informaci\u00f3n","og_url":"https:\/\/seikadim.com\/?page_id=147","og_site_name":"Seika","article_modified_time":"2025-03-22T06:49:54+00:00","og_image":[{"url":"https:\/\/seikadim.com\/wp-content\/uploads\/2022\/06\/contacto_1000x750.jpg"}],"twitter_card":"summary_large_image","twitter_misc":{"Tiempo de lectura":"1 minuto"},"schema":{"@context":"https:\/\/schema.org","@graph":[{"@type":"WebPage","@id":"https:\/\/seikadim.com\/?page_id=147","url":"https:\/\/seikadim.com\/?page_id=147","name":"C O N T A C T O - Seika","isPartOf":{"@id":"https:\/\/seikadim.com\/#website"},"datePublished":"2022-06-25T19:02:44+00:00","dateModified":"2025-03-22T06:49:54+00:00","description":"Informaci\u00f3n de contacto y atenci\u00f3n de Seika. Dise\u00f1o Gr\u00e1fico & Impresi\u00f3n. Tel\u00e9fono y Correo Electr\u00f3nico. M\u00e1s Informaci\u00f3n","breadcrumb":{"@id":"https:\/\/seikadim.com\/?page_id=147#breadcrumb"},"inLanguage":"es","potentialAction":[{"@type":"ReadAction","target":["https:\/\/seikadim.com\/?page_id=147"]}]},{"@type":"BreadcrumbList","@id":"https:\/\/seikadim.com\/?page_id=147#breadcrumb","itemListElement":[{"@type":"ListItem","position":1,"name":"Portada","item":"https:\/\/seikadim.com\/"},{"@type":"ListItem","position":2,"name":"C O N T A C T O"}]},{"@type":"WebSite","@id":"https:\/\/seikadim.com\/#website","url":"https:\/\/seikadim.com\/","name":"Seika","description":"dise\u00f1o,  imprenta,  digital,  rotulaci\u00f3n,  publicidad, tarjetas, talonarios, calendarios, vinilo, bol\u00edgrafos, bolsas ","publisher":{"@id":"https:\/\/seikadim.com\/#organization"},"potentialAction":[{"@type":"SearchAction","target":{"@type":"EntryPoint","urlTemplate":"https:\/\/seikadim.com\/?s={search_term_string}"},"query-input":"required name=search_term_string"}],"inLanguage":"es"},{"@type":"Organization","@id":"https:\/\/seikadim.com\/#organization","name":"Seika","url":"https:\/\/seikadim.com\/","logo":{"@type":"ImageObject","inLanguage":"es","@id":"https:\/\/seikadim.com\/#\/schema\/logo\/image\/","url":"https:\/\/seikadim.com\/wp-content\/uploads\/2025\/03\/cropped-SEIKA_LogoSolo.jpg","contentUrl":"https:\/\/seikadim.com\/wp-content\/uploads\/2025\/03\/cropped-SEIKA_LogoSolo.jpg","width":920,"height":413,"caption":"Seika"},"image":{"@id":"https:\/\/seikadim.com\/#\/schema\/logo\/image\/"}}]}},"_links":{"self":[{"href":"https:\/\/seikadim.com\/index.php?rest_route=\/wp\/v2\/pages\/147"}],"collection":[{"href":"https:\/\/seikadim.com\/index.php?rest_route=\/wp\/v2\/pages"}],"about":[{"href":"https:\/\/seikadim.com\/index.php?rest_route=\/wp\/v2\/types\/page"}],"author":[{"embeddable":true,"href":"https:\/\/seikadim.com\/index.php?rest_route=\/wp\/v2\/users\/1"}],"replies":[{"embeddable":true,"href":"https:\/\/seikadim.com\/index.php?rest_route=%2Fwp%2Fv2%2Fcomments&post=147"}],"version-history":[{"count":25,"href":"https:\/\/seikadim.com\/index.php?rest_route=\/wp\/v2\/pages\/147\/revisions"}],"predecessor-version":[{"id":350,"href":"https:\/\/seikadim.com\/index.php?rest_route=\/wp\/v2\/pages\/147\/revisions\/350"}],"wp:attachment":[{"href":"https:\/\/seikadim.com\/index.php?rest_route=%2Fwp%2Fv2%2Fmedia&parent=147"}],"curies":[{"name":"wp","href":"https:\/\/api.w.org\/{rel}","templated":true}]}}