{"id":144,"date":"2022-06-25T19:00:06","date_gmt":"2022-06-25T19:00:06","guid":{"rendered":"http:\/\/seikadim.com\/?page_id=144"},"modified":"2022-11-16T19:12:58","modified_gmt":"2022-11-16T19:12:58","slug":"sobre-nosotros","status":"publish","type":"page","link":"https:\/\/seikadim.com\/?page_id=144","title":{"rendered":"N O S O T R O S"},"content":{"rendered":"\n<div class=\"wp-block-columns is-layout-flex wp-container-2\">\n<div class=\"wp-block-column is-layout-flow\">\n<div class=\"wp-block-media-text alignwide is-stacked-on-mobile\" style=\"grid-template-columns:30% auto\"><figure class=\"wp-block-media-text__media\"><img decoding=\"async\" loading=\"lazy\" width=\"1000\" height=\"750\" src=\"https:\/\/seikadim.com\/wp-content\/uploads\/2022\/06\/equipo_1000x750.jpg\" alt=\"\" class=\"wp-image-167 size-full\"\/><\/figure><div class=\"wp-block-media-text__content\">\n<p style=\"font-size:26px;font-style:normal;font-weight:500;letter-spacing:2px\"><strong>Equipo Humano<\/strong><\/p>\n\n\n\n<p style=\"font-size:17px;font-style:normal;font-weight:300;letter-spacing:1px\">Profesionales con m\u00e1s de <strong>25 a\u00f1os de experiencia<\/strong> en el sector. Nuestra pasi\u00f3n por las nuevas tecnolog\u00edas hace que nos actualicemos constantemente para poder ofrecer a nuestros clientes las mejores soluciones para su negocio. Somos eficaces y eficientes, creemos en la <strong>atenci\u00f3n personalizada y especializada,<\/strong> y as\u00ed ofrecer la mayor calidad en el menor tiempo de respuesta.<\/p>\n<\/div><\/div>\n<\/div>\n<\/div>\n","protected":false},"excerpt":{"rendered":"<p>Equipo Humano Profesionales con m\u00e1s de 25 a\u00f1os de experiencia en el sector. Nuestra pasi\u00f3n por las nuevas tecnolog\u00edas hace que nos actualicemos constantemente para poder ofrecer a nuestros clientes las mejores soluciones para su negocio. Somos eficaces y eficientes, creemos en la atenci\u00f3n personalizada y especializada, y as\u00ed ofrecer la mayor calidad en el<\/p>\n<p class=\"more-link\"><a href=\"https:\/\/seikadim.com\/?page_id=144\" class=\"themebutton\">Read More<\/a><\/p>\n","protected":false},"author":1,"featured_media":0,"parent":0,"menu_order":4,"comment_status":"closed","ping_status":"closed","template":"","meta":[],"yoast_head":"<!-- This site is optimized with the Yoast SEO plugin v21.5 - https:\/\/yoast.com\/wordpress\/plugins\/seo\/ -->\n<title>N O S O T R O S - Seika<\/title>\n<meta name=\"description\" content=\"Profesionales con m\u00e1s 25 a\u00f1os de experiencia en el sector. Creemos en la atenci\u00f3n personalizada y especializada.\" \/>\n<meta name=\"robots\" content=\"index, follow, max-snippet:-1, max-image-preview:large, max-video-preview:-1\" \/>\n<link rel=\"canonical\" href=\"https:\/\/seikadim.com\/?page_id=144\" \/>\n<meta property=\"og:locale\" content=\"es_ES\" \/>\n<meta property=\"og:type\" content=\"article\" \/>\n<meta property=\"og:title\" content=\"N O S O T R O S - Seika\" \/>\n<meta property=\"og:description\" content=\"Profesionales con m\u00e1s 25 a\u00f1os de experiencia en el sector. Creemos en la atenci\u00f3n personalizada y especializada.\" \/>\n<meta property=\"og:url\" content=\"https:\/\/seikadim.com\/?page_id=144\" \/>\n<meta property=\"og:site_name\" content=\"Seika\" \/>\n<meta property=\"article:modified_time\" content=\"2022-11-16T19:12:58+00:00\" \/>\n<meta property=\"og:image\" content=\"https:\/\/seikadim.com\/wp-content\/uploads\/2022\/06\/equipo_1000x750.jpg\" \/>\n<meta name=\"twitter:card\" content=\"summary_large_image\" \/>\n<meta name=\"twitter:label1\" content=\"Tiempo de lectura\" \/>\n\t<meta name=\"twitter:data1\" content=\"1 minuto\" \/>\n<script type=\"application\/ld+json\" class=\"yoast-schema-graph\">{\"@context\":\"https:\/\/schema.org\",\"@graph\":[{\"@type\":\"WebPage\",\"@id\":\"https:\/\/seikadim.com\/?page_id=144\",\"url\":\"https:\/\/seikadim.com\/?page_id=144\",\"name\":\"N O S O T R O S - Seika\",\"isPartOf\":{\"@id\":\"https:\/\/seikadim.com\/#website\"},\"datePublished\":\"2022-06-25T19:00:06+00:00\",\"dateModified\":\"2022-11-16T19:12:58+00:00\",\"description\":\"Profesionales con m\u00e1s 25 a\u00f1os de experiencia en el sector. Creemos en la atenci\u00f3n personalizada y especializada.\",\"breadcrumb\":{\"@id\":\"https:\/\/seikadim.com\/?page_id=144#breadcrumb\"},\"inLanguage\":\"es\",\"potentialAction\":[{\"@type\":\"ReadAction\",\"target\":[\"https:\/\/seikadim.com\/?page_id=144\"]}]},{\"@type\":\"BreadcrumbList\",\"@id\":\"https:\/\/seikadim.com\/?page_id=144#breadcrumb\",\"itemListElement\":[{\"@type\":\"ListItem\",\"position\":1,\"name\":\"Portada\",\"item\":\"https:\/\/seikadim.com\/\"},{\"@type\":\"ListItem\",\"position\":2,\"name\":\"N O S O T R O S\"}]},{\"@type\":\"WebSite\",\"@id\":\"https:\/\/seikadim.com\/#website\",\"url\":\"https:\/\/seikadim.com\/\",\"name\":\"Seika\",\"description\":\"dise\u00f1o,  imprenta,  digital,  rotulaci\u00f3n,  publicidad, tarjetas, talonarios, calendarios, vinilo, bol\u00edgrafos, bolsas \",\"publisher\":{\"@id\":\"https:\/\/seikadim.com\/#organization\"},\"potentialAction\":[{\"@type\":\"SearchAction\",\"target\":{\"@type\":\"EntryPoint\",\"urlTemplate\":\"https:\/\/seikadim.com\/?s={search_term_string}\"},\"query-input\":\"required name=search_term_string\"}],\"inLanguage\":\"es\"},{\"@type\":\"Organization\",\"@id\":\"https:\/\/seikadim.com\/#organization\",\"name\":\"Seika\",\"url\":\"https:\/\/seikadim.com\/\",\"logo\":{\"@type\":\"ImageObject\",\"inLanguage\":\"es\",\"@id\":\"https:\/\/seikadim.com\/#\/schema\/logo\/image\/\",\"url\":\"https:\/\/seikadim.com\/wp-content\/uploads\/2025\/03\/cropped-SEIKA_LogoSolo.jpg\",\"contentUrl\":\"https:\/\/seikadim.com\/wp-content\/uploads\/2025\/03\/cropped-SEIKA_LogoSolo.jpg\",\"width\":920,\"height\":413,\"caption\":\"Seika\"},\"image\":{\"@id\":\"https:\/\/seikadim.com\/#\/schema\/logo\/image\/\"}}]}<\/script>\n<!-- \/ Yoast SEO plugin. -->","yoast_head_json":{"title":"N O S O T R O S - Seika","description":"Profesionales con m\u00e1s 25 a\u00f1os de experiencia en el sector. Creemos en la atenci\u00f3n personalizada y especializada.","robots":{"index":"index","follow":"follow","max-snippet":"max-snippet:-1","max-image-preview":"max-image-preview:large","max-video-preview":"max-video-preview:-1"},"canonical":"https:\/\/seikadim.com\/?page_id=144","og_locale":"es_ES","og_type":"article","og_title":"N O S O T R O S - Seika","og_description":"Profesionales con m\u00e1s 25 a\u00f1os de experiencia en el sector. Creemos en la atenci\u00f3n personalizada y especializada.","og_url":"https:\/\/seikadim.com\/?page_id=144","og_site_name":"Seika","article_modified_time":"2022-11-16T19:12:58+00:00","og_image":[{"url":"https:\/\/seikadim.com\/wp-content\/uploads\/2022\/06\/equipo_1000x750.jpg"}],"twitter_card":"summary_large_image","twitter_misc":{"Tiempo de lectura":"1 minuto"},"schema":{"@context":"https:\/\/schema.org","@graph":[{"@type":"WebPage","@id":"https:\/\/seikadim.com\/?page_id=144","url":"https:\/\/seikadim.com\/?page_id=144","name":"N O S O T R O S - Seika","isPartOf":{"@id":"https:\/\/seikadim.com\/#website"},"datePublished":"2022-06-25T19:00:06+00:00","dateModified":"2022-11-16T19:12:58+00:00","description":"Profesionales con m\u00e1s 25 a\u00f1os de experiencia en el sector. Creemos en la atenci\u00f3n personalizada y especializada.","breadcrumb":{"@id":"https:\/\/seikadim.com\/?page_id=144#breadcrumb"},"inLanguage":"es","potentialAction":[{"@type":"ReadAction","target":["https:\/\/seikadim.com\/?page_id=144"]}]},{"@type":"BreadcrumbList","@id":"https:\/\/seikadim.com\/?page_id=144#breadcrumb","itemListElement":[{"@type":"ListItem","position":1,"name":"Portada","item":"https:\/\/seikadim.com\/"},{"@type":"ListItem","position":2,"name":"N O S O T R O S"}]},{"@type":"WebSite","@id":"https:\/\/seikadim.com\/#website","url":"https:\/\/seikadim.com\/","name":"Seika","description":"dise\u00f1o,  imprenta,  digital,  rotulaci\u00f3n,  publicidad, tarjetas, talonarios, calendarios, vinilo, bol\u00edgrafos, bolsas ","publisher":{"@id":"https:\/\/seikadim.com\/#organization"},"potentialAction":[{"@type":"SearchAction","target":{"@type":"EntryPoint","urlTemplate":"https:\/\/seikadim.com\/?s={search_term_string}"},"query-input":"required name=search_term_string"}],"inLanguage":"es"},{"@type":"Organization","@id":"https:\/\/seikadim.com\/#organization","name":"Seika","url":"https:\/\/seikadim.com\/","logo":{"@type":"ImageObject","inLanguage":"es","@id":"https:\/\/seikadim.com\/#\/schema\/logo\/image\/","url":"https:\/\/seikadim.com\/wp-content\/uploads\/2025\/03\/cropped-SEIKA_LogoSolo.jpg","contentUrl":"https:\/\/seikadim.com\/wp-content\/uploads\/2025\/03\/cropped-SEIKA_LogoSolo.jpg","width":920,"height":413,"caption":"Seika"},"image":{"@id":"https:\/\/seikadim.com\/#\/schema\/logo\/image\/"}}]}},"_links":{"self":[{"href":"https:\/\/seikadim.com\/index.php?rest_route=\/wp\/v2\/pages\/144"}],"collection":[{"href":"https:\/\/seikadim.com\/index.php?rest_route=\/wp\/v2\/pages"}],"about":[{"href":"https:\/\/seikadim.com\/index.php?rest_route=\/wp\/v2\/types\/page"}],"author":[{"embeddable":true,"href":"https:\/\/seikadim.com\/index.php?rest_route=\/wp\/v2\/users\/1"}],"replies":[{"embeddable":true,"href":"https:\/\/seikadim.com\/index.php?rest_route=%2Fwp%2Fv2%2Fcomments&post=144"}],"version-history":[{"count":14,"href":"https:\/\/seikadim.com\/index.php?rest_route=\/wp\/v2\/pages\/144\/revisions"}],"predecessor-version":[{"id":274,"href":"https:\/\/seikadim.com\/index.php?rest_route=\/wp\/v2\/pages\/144\/revisions\/274"}],"wp:attachment":[{"href":"https:\/\/seikadim.com\/index.php?rest_route=%2Fwp%2Fv2%2Fmedia&parent=144"}],"curies":[{"name":"wp","href":"https:\/\/api.w.org\/{rel}","templated":true}]}}