{"id":142,"date":"2022-06-25T18:59:33","date_gmt":"2022-06-25T18:59:33","guid":{"rendered":"http:\/\/seikadim.com\/?page_id=142"},"modified":"2022-11-23T15:02:23","modified_gmt":"2022-11-23T15:02:23","slug":"impresion-en-gran-formato-corte-de-vinilo-y-rotulacion","status":"publish","type":"page","link":"https:\/\/seikadim.com\/?page_id=142","title":{"rendered":"R O T U L A C I \u00d3 N"},"content":{"rendered":"\n<div class=\"wp-block-columns is-layout-flex wp-container-2\">\n<div class=\"wp-block-column is-layout-flow\">\n<div class=\"wp-block-media-text alignwide is-stacked-on-mobile\" style=\"grid-template-columns:30% auto\"><figure class=\"wp-block-media-text__media\"><img decoding=\"async\" loading=\"lazy\" width=\"1000\" height=\"750\" src=\"https:\/\/seikadim.com\/wp-content\/uploads\/2022\/08\/rotulacion_1000x750.jpg\" alt=\"\" class=\"wp-image-195 size-full\"\/><\/figure><div class=\"wp-block-media-text__content\">\n<p style=\"font-size:26px;font-style:normal;font-weight:500;letter-spacing:2px\"><strong>Impresi\u00f3n Gran Formato<\/strong><\/p>\n\n\n\n<p style=\"font-size:17px;font-style:normal;font-weight:300;letter-spacing:1px\">Somos especialistas en impresi\u00f3n de gran formato. <br>Crearemos un dise\u00f1o llamativo, hecho a tu medida y prepararemos el correspondiente montaje fotogr\u00e1fico para que puedas ver como va a quedar tu escaparate, oficinas o veh\u00edculo de empresa antes de rotularlo con esta t\u00e9cnica.<\/p>\n\n\n\n<p style=\"font-size:17px;font-style:normal;font-weight:300;letter-spacing:1px\"><\/p>\n<\/div><\/div>\n<\/div>\n<\/div>\n\n\n\n<p class=\"has-white-color has-text-color\">.<\/p>\n\n\n\n<div class=\"wp-block-media-text alignwide has-media-on-the-right is-stacked-on-mobile\" style=\"grid-template-columns:auto 30%\"><div class=\"wp-block-media-text__content\">\n<p class=\"has-text-align-right\" style=\"font-size:26px;font-style:normal;font-weight:500;letter-spacing:2px\"><strong>Corte Vinilo<\/strong><\/p>\n\n\n\n<p class=\"has-text-align-right\" style=\"font-size:17px;font-style:normal;font-weight:300;letter-spacing:1px\">Cuando se requiere una mayor durabilidad o los colores corporativos son concretos, se elige este m\u00e9todo que dependiendo de la calidad del vinilo puede garantizar su color y formas hasta m\u00e1s de 7 a\u00f1os.<\/p>\n<\/div><figure class=\"wp-block-media-text__media\"><img decoding=\"async\" loading=\"lazy\" width=\"1000\" height=\"750\" src=\"https:\/\/seikadim.com\/wp-content\/uploads\/2022\/06\/vinilo_1000x750.jpg\" alt=\"\" class=\"wp-image-170 size-full\"\/><\/figure><\/div>\n","protected":false},"excerpt":{"rendered":"<p>Impresi\u00f3n Gran Formato Somos especialistas en impresi\u00f3n de gran formato. Crearemos un dise\u00f1o llamativo, hecho a tu medida y prepararemos el correspondiente montaje fotogr\u00e1fico para que puedas ver como va a quedar tu escaparate, oficinas o veh\u00edculo de empresa antes de rotularlo con esta t\u00e9cnica. . Corte Vinilo Cuando se requiere una mayor durabilidad o<\/p>\n<p class=\"more-link\"><a href=\"https:\/\/seikadim.com\/?page_id=142\" class=\"themebutton\">Read More<\/a><\/p>\n","protected":false},"author":1,"featured_media":0,"parent":0,"menu_order":3,"comment_status":"closed","ping_status":"closed","template":"","meta":[],"yoast_head":"<!-- This site is optimized with the Yoast SEO plugin v21.5 - https:\/\/yoast.com\/wordpress\/plugins\/seo\/ -->\n<title>R O T U L A C I \u00d3 N - Seika<\/title>\n<meta name=\"description\" content=\"Especialistas en impresi\u00f3n en gran formato y rotulaci\u00f3n en vinilo, letras corp\u00f3reas. Todo para que tu negocio tenga imagen expectacular\" \/>\n<meta name=\"robots\" content=\"index, follow, max-snippet:-1, max-image-preview:large, max-video-preview:-1\" \/>\n<link rel=\"canonical\" href=\"https:\/\/seikadim.com\/?page_id=142\" \/>\n<meta property=\"og:locale\" content=\"es_ES\" \/>\n<meta property=\"og:type\" content=\"article\" \/>\n<meta property=\"og:title\" content=\"R O T U L A C I \u00d3 N - Seika\" \/>\n<meta property=\"og:description\" content=\"Especialistas en impresi\u00f3n en gran formato y rotulaci\u00f3n en vinilo, letras corp\u00f3reas. Todo para que tu negocio tenga imagen expectacular\" \/>\n<meta property=\"og:url\" content=\"https:\/\/seikadim.com\/?page_id=142\" \/>\n<meta property=\"og:site_name\" content=\"Seika\" \/>\n<meta property=\"article:modified_time\" content=\"2022-11-23T15:02:23+00:00\" \/>\n<meta property=\"og:image\" content=\"https:\/\/seikadim.com\/wp-content\/uploads\/2022\/08\/rotulacion_1000x750.jpg\" \/>\n<meta name=\"twitter:card\" content=\"summary_large_image\" \/>\n<meta name=\"twitter:label1\" content=\"Tiempo de lectura\" \/>\n\t<meta name=\"twitter:data1\" content=\"1 minuto\" \/>\n<script type=\"application\/ld+json\" class=\"yoast-schema-graph\">{\"@context\":\"https:\/\/schema.org\",\"@graph\":[{\"@type\":\"WebPage\",\"@id\":\"https:\/\/seikadim.com\/?page_id=142\",\"url\":\"https:\/\/seikadim.com\/?page_id=142\",\"name\":\"R O T U L A C I \u00d3 N - Seika\",\"isPartOf\":{\"@id\":\"https:\/\/seikadim.com\/#website\"},\"datePublished\":\"2022-06-25T18:59:33+00:00\",\"dateModified\":\"2022-11-23T15:02:23+00:00\",\"description\":\"Especialistas en impresi\u00f3n en gran formato y rotulaci\u00f3n en vinilo, letras corp\u00f3reas. Todo para que tu negocio tenga imagen expectacular\",\"breadcrumb\":{\"@id\":\"https:\/\/seikadim.com\/?page_id=142#breadcrumb\"},\"inLanguage\":\"es\",\"potentialAction\":[{\"@type\":\"ReadAction\",\"target\":[\"https:\/\/seikadim.com\/?page_id=142\"]}]},{\"@type\":\"BreadcrumbList\",\"@id\":\"https:\/\/seikadim.com\/?page_id=142#breadcrumb\",\"itemListElement\":[{\"@type\":\"ListItem\",\"position\":1,\"name\":\"Portada\",\"item\":\"https:\/\/seikadim.com\/\"},{\"@type\":\"ListItem\",\"position\":2,\"name\":\"R O T U L A C I \u00d3 N\"}]},{\"@type\":\"WebSite\",\"@id\":\"https:\/\/seikadim.com\/#website\",\"url\":\"https:\/\/seikadim.com\/\",\"name\":\"Seika\",\"description\":\"dise\u00f1o,  imprenta,  digital,  rotulaci\u00f3n,  publicidad, tarjetas, talonarios, calendarios, vinilo, bol\u00edgrafos, bolsas \",\"publisher\":{\"@id\":\"https:\/\/seikadim.com\/#organization\"},\"potentialAction\":[{\"@type\":\"SearchAction\",\"target\":{\"@type\":\"EntryPoint\",\"urlTemplate\":\"https:\/\/seikadim.com\/?s={search_term_string}\"},\"query-input\":\"required name=search_term_string\"}],\"inLanguage\":\"es\"},{\"@type\":\"Organization\",\"@id\":\"https:\/\/seikadim.com\/#organization\",\"name\":\"Seika\",\"url\":\"https:\/\/seikadim.com\/\",\"logo\":{\"@type\":\"ImageObject\",\"inLanguage\":\"es\",\"@id\":\"https:\/\/seikadim.com\/#\/schema\/logo\/image\/\",\"url\":\"https:\/\/seikadim.com\/wp-content\/uploads\/2025\/03\/cropped-SEIKA_LogoSolo.jpg\",\"contentUrl\":\"https:\/\/seikadim.com\/wp-content\/uploads\/2025\/03\/cropped-SEIKA_LogoSolo.jpg\",\"width\":920,\"height\":413,\"caption\":\"Seika\"},\"image\":{\"@id\":\"https:\/\/seikadim.com\/#\/schema\/logo\/image\/\"}}]}<\/script>\n<!-- \/ Yoast SEO plugin. -->","yoast_head_json":{"title":"R O T U L A C I \u00d3 N - Seika","description":"Especialistas en impresi\u00f3n en gran formato y rotulaci\u00f3n en vinilo, letras corp\u00f3reas. Todo para que tu negocio tenga imagen expectacular","robots":{"index":"index","follow":"follow","max-snippet":"max-snippet:-1","max-image-preview":"max-image-preview:large","max-video-preview":"max-video-preview:-1"},"canonical":"https:\/\/seikadim.com\/?page_id=142","og_locale":"es_ES","og_type":"article","og_title":"R O T U L A C I \u00d3 N - Seika","og_description":"Especialistas en impresi\u00f3n en gran formato y rotulaci\u00f3n en vinilo, letras corp\u00f3reas. Todo para que tu negocio tenga imagen expectacular","og_url":"https:\/\/seikadim.com\/?page_id=142","og_site_name":"Seika","article_modified_time":"2022-11-23T15:02:23+00:00","og_image":[{"url":"https:\/\/seikadim.com\/wp-content\/uploads\/2022\/08\/rotulacion_1000x750.jpg"}],"twitter_card":"summary_large_image","twitter_misc":{"Tiempo de lectura":"1 minuto"},"schema":{"@context":"https:\/\/schema.org","@graph":[{"@type":"WebPage","@id":"https:\/\/seikadim.com\/?page_id=142","url":"https:\/\/seikadim.com\/?page_id=142","name":"R O T U L A C I \u00d3 N - Seika","isPartOf":{"@id":"https:\/\/seikadim.com\/#website"},"datePublished":"2022-06-25T18:59:33+00:00","dateModified":"2022-11-23T15:02:23+00:00","description":"Especialistas en impresi\u00f3n en gran formato y rotulaci\u00f3n en vinilo, letras corp\u00f3reas. Todo para que tu negocio tenga imagen expectacular","breadcrumb":{"@id":"https:\/\/seikadim.com\/?page_id=142#breadcrumb"},"inLanguage":"es","potentialAction":[{"@type":"ReadAction","target":["https:\/\/seikadim.com\/?page_id=142"]}]},{"@type":"BreadcrumbList","@id":"https:\/\/seikadim.com\/?page_id=142#breadcrumb","itemListElement":[{"@type":"ListItem","position":1,"name":"Portada","item":"https:\/\/seikadim.com\/"},{"@type":"ListItem","position":2,"name":"R O T U L A C I \u00d3 N"}]},{"@type":"WebSite","@id":"https:\/\/seikadim.com\/#website","url":"https:\/\/seikadim.com\/","name":"Seika","description":"dise\u00f1o,  imprenta,  digital,  rotulaci\u00f3n,  publicidad, tarjetas, talonarios, calendarios, vinilo, bol\u00edgrafos, bolsas ","publisher":{"@id":"https:\/\/seikadim.com\/#organization"},"potentialAction":[{"@type":"SearchAction","target":{"@type":"EntryPoint","urlTemplate":"https:\/\/seikadim.com\/?s={search_term_string}"},"query-input":"required name=search_term_string"}],"inLanguage":"es"},{"@type":"Organization","@id":"https:\/\/seikadim.com\/#organization","name":"Seika","url":"https:\/\/seikadim.com\/","logo":{"@type":"ImageObject","inLanguage":"es","@id":"https:\/\/seikadim.com\/#\/schema\/logo\/image\/","url":"https:\/\/seikadim.com\/wp-content\/uploads\/2025\/03\/cropped-SEIKA_LogoSolo.jpg","contentUrl":"https:\/\/seikadim.com\/wp-content\/uploads\/2025\/03\/cropped-SEIKA_LogoSolo.jpg","width":920,"height":413,"caption":"Seika"},"image":{"@id":"https:\/\/seikadim.com\/#\/schema\/logo\/image\/"}}]}},"_links":{"self":[{"href":"https:\/\/seikadim.com\/index.php?rest_route=\/wp\/v2\/pages\/142"}],"collection":[{"href":"https:\/\/seikadim.com\/index.php?rest_route=\/wp\/v2\/pages"}],"about":[{"href":"https:\/\/seikadim.com\/index.php?rest_route=\/wp\/v2\/types\/page"}],"author":[{"embeddable":true,"href":"https:\/\/seikadim.com\/index.php?rest_route=\/wp\/v2\/users\/1"}],"replies":[{"embeddable":true,"href":"https:\/\/seikadim.com\/index.php?rest_route=%2Fwp%2Fv2%2Fcomments&post=142"}],"version-history":[{"count":13,"href":"https:\/\/seikadim.com\/index.php?rest_route=\/wp\/v2\/pages\/142\/revisions"}],"predecessor-version":[{"id":272,"href":"https:\/\/seikadim.com\/index.php?rest_route=\/wp\/v2\/pages\/142\/revisions\/272"}],"wp:attachment":[{"href":"https:\/\/seikadim.com\/index.php?rest_route=%2Fwp%2Fv2%2Fmedia&parent=142"}],"curies":[{"name":"wp","href":"https:\/\/api.w.org\/{rel}","templated":true}]}}