{"id":140,"date":"2022-06-25T18:58:28","date_gmt":"2022-06-25T18:58:28","guid":{"rendered":"http:\/\/seikadim.com\/?page_id=140"},"modified":"2022-11-23T14:56:06","modified_gmt":"2022-11-23T14:56:06","slug":"impresion","status":"publish","type":"page","link":"https:\/\/seikadim.com\/?page_id=140","title":{"rendered":"I M P R E S I \u00d3 N"},"content":{"rendered":"\n<div class=\"wp-block-columns is-layout-flex wp-container-2\">\n<div class=\"wp-block-column is-layout-flow\">\n<div class=\"wp-block-media-text alignwide is-stacked-on-mobile\" style=\"grid-template-columns:30% auto\"><figure class=\"wp-block-media-text__media\"><img decoding=\"async\" loading=\"lazy\" width=\"1000\" height=\"750\" src=\"https:\/\/seikadim.com\/wp-content\/uploads\/2022\/09\/idigital2_1000x750.jpg\" alt=\"Impresi\u00f3n Digital\" class=\"wp-image-203 size-full\"\/><\/figure><div class=\"wp-block-media-text__content\">\n<p style=\"font-size:26px;font-style:normal;font-weight:500;letter-spacing:2px\"><strong>Impresi\u00f3n Digital<\/strong><\/p>\n\n\n\n<p style=\"font-size:17px;font-style:normal;font-weight:300;letter-spacing:1px\">Utilizamos prensas digitales de <strong>\u00faltima generaci\u00f3n,<\/strong> con un registro preciso y una calidad de color excepcional. Puede realizar cualquier trabajo de corta tirada sobre infinidad de soportes, estucados, verjurados, PVC, adhesivos, autocopiativos, vegetales, etc.. Capaz de imprimir en formato banner de hasta 33&#215;120 cm.<\/p>\n<\/div><\/div>\n<\/div>\n<\/div>\n\n\n\n<p class=\"has-white-color has-text-color\">.<\/p>\n\n\n\n<div class=\"wp-block-media-text alignwide has-media-on-the-right is-stacked-on-mobile\" style=\"grid-template-columns:auto 30%\"><div class=\"wp-block-media-text__content\">\n<p class=\"has-text-align-right\" style=\"font-size:26px;font-style:normal;font-weight:500;letter-spacing:1px\"><strong>Impresi\u00f3n Offset<\/strong><\/p>\n\n\n\n<p class=\"has-text-align-right\" style=\"font-size:17px;font-style:normal;font-weight:300;letter-spacing:1px\">Producimos todo tipo de material de offset cuando es necesario por la cantidad o por el tipo de trabajo a realizar (colores corporativos, papeles especiales, etc). Tarjetas de visita, sobres, cartas, talonarios, blocks, carteles, d\u00edpticos, tr\u00edpticos, revistas, flyers, folletos, calendarios y mucho m\u00e1s.<\/p>\n<\/div><figure class=\"wp-block-media-text__media\"><img decoding=\"async\" loading=\"lazy\" width=\"1000\" height=\"750\" src=\"https:\/\/seikadim.com\/wp-content\/uploads\/2022\/06\/ioffset_1000x750.jpg\" alt=\"Impresi\u00f3n en offset\" class=\"wp-image-163 size-full\"\/><\/figure><\/div>\n\n\n\n<p class=\"has-white-color has-text-color\">.<\/p>\n\n\n\n<div class=\"wp-block-media-text alignwide is-stacked-on-mobile\" style=\"grid-template-columns:30% auto\"><figure class=\"wp-block-media-text__media\"><img decoding=\"async\" loading=\"lazy\" width=\"1000\" height=\"750\" src=\"https:\/\/seikadim.com\/wp-content\/uploads\/2022\/06\/serigrafia_1000x750.jpg\" alt=\"Impresi\u00f3n en serigraf\u00eda y tampograf\u00eda\" class=\"wp-image-165 size-full\"\/><\/figure><div class=\"wp-block-media-text__content\">\n<p style=\"font-size:26px;font-style:normal;font-weight:500;letter-spacing:2px\"><strong>Serigraf\u00eda y Otros<\/strong><\/p>\n\n\n\n<p style=\"font-size:17px;font-style:normal;font-weight:300;letter-spacing:1px\">Dise\u00f1amos y marcamos art\u00edculos publicitarios para promocionar tu negocio y productos. Estos dicen mucho de ti y marcan una gran diferencia. Realizamos: agendas, calendarios, bol\u00edgrafos, ropa serigrafiada, bolsas, etc. <\/p>\n<\/div><\/div>\n","protected":false},"excerpt":{"rendered":"<p>Impresi\u00f3n Digital Utilizamos prensas digitales de \u00faltima generaci\u00f3n, con un registro preciso y una calidad de color excepcional. Puede realizar cualquier trabajo de corta tirada sobre infinidad de soportes, estucados, verjurados, PVC, adhesivos, autocopiativos, vegetales, etc.. Capaz de imprimir en formato banner de hasta 33&#215;120 cm. . Impresi\u00f3n Offset Producimos todo tipo de material de<\/p>\n<p class=\"more-link\"><a href=\"https:\/\/seikadim.com\/?page_id=140\" class=\"themebutton\">Read More<\/a><\/p>\n","protected":false},"author":1,"featured_media":0,"parent":0,"menu_order":2,"comment_status":"closed","ping_status":"closed","template":"","meta":[],"yoast_head":"<!-- This site is optimized with the Yoast SEO plugin v21.5 - https:\/\/yoast.com\/wordpress\/plugins\/seo\/ -->\n<title>I M P R E S I \u00d3 N - Seika<\/title>\n<meta name=\"description\" content=\"Imprimimos todo lo que imagines. Tarjetas , sobres, cartas, talonarios, carteles, tr\u00edpticos, revistas, flyers, folletos, calendarios...\" \/>\n<meta name=\"robots\" content=\"index, follow, max-snippet:-1, max-image-preview:large, max-video-preview:-1\" \/>\n<link rel=\"canonical\" href=\"https:\/\/seikadim.com\/?page_id=140\" \/>\n<meta property=\"og:locale\" content=\"es_ES\" \/>\n<meta property=\"og:type\" content=\"article\" \/>\n<meta property=\"og:title\" content=\"I M P R E S I \u00d3 N - Seika\" \/>\n<meta property=\"og:description\" content=\"Imprimimos todo lo que imagines. Tarjetas , sobres, cartas, talonarios, carteles, tr\u00edpticos, revistas, flyers, folletos, calendarios...\" \/>\n<meta property=\"og:url\" content=\"https:\/\/seikadim.com\/?page_id=140\" \/>\n<meta property=\"og:site_name\" content=\"Seika\" \/>\n<meta property=\"article:modified_time\" content=\"2022-11-23T14:56:06+00:00\" \/>\n<meta property=\"og:image\" content=\"https:\/\/seikadim.com\/wp-content\/uploads\/2022\/09\/idigital2_1000x750.jpg\" \/>\n<meta name=\"twitter:card\" content=\"summary_large_image\" \/>\n<meta name=\"twitter:label1\" content=\"Tiempo de lectura\" \/>\n\t<meta name=\"twitter:data1\" content=\"2 minutos\" \/>\n<script type=\"application\/ld+json\" class=\"yoast-schema-graph\">{\"@context\":\"https:\/\/schema.org\",\"@graph\":[{\"@type\":\"WebPage\",\"@id\":\"https:\/\/seikadim.com\/?page_id=140\",\"url\":\"https:\/\/seikadim.com\/?page_id=140\",\"name\":\"I M P R E S I \u00d3 N - Seika\",\"isPartOf\":{\"@id\":\"https:\/\/seikadim.com\/#website\"},\"datePublished\":\"2022-06-25T18:58:28+00:00\",\"dateModified\":\"2022-11-23T14:56:06+00:00\",\"description\":\"Imprimimos todo lo que imagines. Tarjetas , sobres, cartas, talonarios, carteles, tr\u00edpticos, revistas, flyers, folletos, calendarios...\",\"breadcrumb\":{\"@id\":\"https:\/\/seikadim.com\/?page_id=140#breadcrumb\"},\"inLanguage\":\"es\",\"potentialAction\":[{\"@type\":\"ReadAction\",\"target\":[\"https:\/\/seikadim.com\/?page_id=140\"]}]},{\"@type\":\"BreadcrumbList\",\"@id\":\"https:\/\/seikadim.com\/?page_id=140#breadcrumb\",\"itemListElement\":[{\"@type\":\"ListItem\",\"position\":1,\"name\":\"Portada\",\"item\":\"https:\/\/seikadim.com\/\"},{\"@type\":\"ListItem\",\"position\":2,\"name\":\"I M P R E S I \u00d3 N\"}]},{\"@type\":\"WebSite\",\"@id\":\"https:\/\/seikadim.com\/#website\",\"url\":\"https:\/\/seikadim.com\/\",\"name\":\"Seika\",\"description\":\"dise\u00f1o,  imprenta,  digital,  rotulaci\u00f3n,  publicidad, tarjetas, talonarios, calendarios, vinilo, bol\u00edgrafos, bolsas \",\"publisher\":{\"@id\":\"https:\/\/seikadim.com\/#organization\"},\"potentialAction\":[{\"@type\":\"SearchAction\",\"target\":{\"@type\":\"EntryPoint\",\"urlTemplate\":\"https:\/\/seikadim.com\/?s={search_term_string}\"},\"query-input\":\"required name=search_term_string\"}],\"inLanguage\":\"es\"},{\"@type\":\"Organization\",\"@id\":\"https:\/\/seikadim.com\/#organization\",\"name\":\"Seika\",\"url\":\"https:\/\/seikadim.com\/\",\"logo\":{\"@type\":\"ImageObject\",\"inLanguage\":\"es\",\"@id\":\"https:\/\/seikadim.com\/#\/schema\/logo\/image\/\",\"url\":\"https:\/\/seikadim.com\/wp-content\/uploads\/2025\/03\/cropped-SEIKA_LogoSolo.jpg\",\"contentUrl\":\"https:\/\/seikadim.com\/wp-content\/uploads\/2025\/03\/cropped-SEIKA_LogoSolo.jpg\",\"width\":920,\"height\":413,\"caption\":\"Seika\"},\"image\":{\"@id\":\"https:\/\/seikadim.com\/#\/schema\/logo\/image\/\"}}]}<\/script>\n<!-- \/ Yoast SEO plugin. -->","yoast_head_json":{"title":"I M P R E S I \u00d3 N - Seika","description":"Imprimimos todo lo que imagines. Tarjetas , sobres, cartas, talonarios, carteles, tr\u00edpticos, revistas, flyers, folletos, calendarios...","robots":{"index":"index","follow":"follow","max-snippet":"max-snippet:-1","max-image-preview":"max-image-preview:large","max-video-preview":"max-video-preview:-1"},"canonical":"https:\/\/seikadim.com\/?page_id=140","og_locale":"es_ES","og_type":"article","og_title":"I M P R E S I \u00d3 N - Seika","og_description":"Imprimimos todo lo que imagines. Tarjetas , sobres, cartas, talonarios, carteles, tr\u00edpticos, revistas, flyers, folletos, calendarios...","og_url":"https:\/\/seikadim.com\/?page_id=140","og_site_name":"Seika","article_modified_time":"2022-11-23T14:56:06+00:00","og_image":[{"url":"https:\/\/seikadim.com\/wp-content\/uploads\/2022\/09\/idigital2_1000x750.jpg"}],"twitter_card":"summary_large_image","twitter_misc":{"Tiempo de lectura":"2 minutos"},"schema":{"@context":"https:\/\/schema.org","@graph":[{"@type":"WebPage","@id":"https:\/\/seikadim.com\/?page_id=140","url":"https:\/\/seikadim.com\/?page_id=140","name":"I M P R E S I \u00d3 N - Seika","isPartOf":{"@id":"https:\/\/seikadim.com\/#website"},"datePublished":"2022-06-25T18:58:28+00:00","dateModified":"2022-11-23T14:56:06+00:00","description":"Imprimimos todo lo que imagines. Tarjetas , sobres, cartas, talonarios, carteles, tr\u00edpticos, revistas, flyers, folletos, calendarios...","breadcrumb":{"@id":"https:\/\/seikadim.com\/?page_id=140#breadcrumb"},"inLanguage":"es","potentialAction":[{"@type":"ReadAction","target":["https:\/\/seikadim.com\/?page_id=140"]}]},{"@type":"BreadcrumbList","@id":"https:\/\/seikadim.com\/?page_id=140#breadcrumb","itemListElement":[{"@type":"ListItem","position":1,"name":"Portada","item":"https:\/\/seikadim.com\/"},{"@type":"ListItem","position":2,"name":"I M P R E S I \u00d3 N"}]},{"@type":"WebSite","@id":"https:\/\/seikadim.com\/#website","url":"https:\/\/seikadim.com\/","name":"Seika","description":"dise\u00f1o,  imprenta,  digital,  rotulaci\u00f3n,  publicidad, tarjetas, talonarios, calendarios, vinilo, bol\u00edgrafos, bolsas ","publisher":{"@id":"https:\/\/seikadim.com\/#organization"},"potentialAction":[{"@type":"SearchAction","target":{"@type":"EntryPoint","urlTemplate":"https:\/\/seikadim.com\/?s={search_term_string}"},"query-input":"required name=search_term_string"}],"inLanguage":"es"},{"@type":"Organization","@id":"https:\/\/seikadim.com\/#organization","name":"Seika","url":"https:\/\/seikadim.com\/","logo":{"@type":"ImageObject","inLanguage":"es","@id":"https:\/\/seikadim.com\/#\/schema\/logo\/image\/","url":"https:\/\/seikadim.com\/wp-content\/uploads\/2025\/03\/cropped-SEIKA_LogoSolo.jpg","contentUrl":"https:\/\/seikadim.com\/wp-content\/uploads\/2025\/03\/cropped-SEIKA_LogoSolo.jpg","width":920,"height":413,"caption":"Seika"},"image":{"@id":"https:\/\/seikadim.com\/#\/schema\/logo\/image\/"}}]}},"_links":{"self":[{"href":"https:\/\/seikadim.com\/index.php?rest_route=\/wp\/v2\/pages\/140"}],"collection":[{"href":"https:\/\/seikadim.com\/index.php?rest_route=\/wp\/v2\/pages"}],"about":[{"href":"https:\/\/seikadim.com\/index.php?rest_route=\/wp\/v2\/types\/page"}],"author":[{"embeddable":true,"href":"https:\/\/seikadim.com\/index.php?rest_route=\/wp\/v2\/users\/1"}],"replies":[{"embeddable":true,"href":"https:\/\/seikadim.com\/index.php?rest_route=%2Fwp%2Fv2%2Fcomments&post=140"}],"version-history":[{"count":22,"href":"https:\/\/seikadim.com\/index.php?rest_route=\/wp\/v2\/pages\/140\/revisions"}],"predecessor-version":[{"id":293,"href":"https:\/\/seikadim.com\/index.php?rest_route=\/wp\/v2\/pages\/140\/revisions\/293"}],"wp:attachment":[{"href":"https:\/\/seikadim.com\/index.php?rest_route=%2Fwp%2Fv2%2Fmedia&parent=140"}],"curies":[{"name":"wp","href":"https:\/\/api.w.org\/{rel}","templated":true}]}}